{"id":277,"date":"2021-05-22T12:50:53","date_gmt":"2021-05-22T10:50:53","guid":{"rendered":"http:\/\/studiorocoeur.com\/?page_id=277"},"modified":"2022-06-26T12:42:56","modified_gmt":"2022-06-26T10:42:56","slug":"couly","status":"publish","type":"page","link":"http:\/\/studiorocoeur.com\/index.php\/couly\/","title":{"rendered":"Les Contes de Couly"},"content":{"rendered":"\n<p><strong>Bienvenue dans le Royaume de Couly&nbsp;!<\/strong><\/p>\n\n\n\n<div class=\"wp-block-image is-style-default\"><figure class=\"aligncenter size-large\"><img loading=\"lazy\" width=\"1024\" height=\"727\" src=\"http:\/\/studiorocoeur.com\/wp-content\/uploads\/2021\/09\/poster-1-rvb-1024x727.jpg\" alt=\"\" class=\"wp-image-366\" srcset=\"http:\/\/studiorocoeur.com\/wp-content\/uploads\/2021\/09\/poster-1-rvb-1024x727.jpg 1024w, http:\/\/studiorocoeur.com\/wp-content\/uploads\/2021\/09\/poster-1-rvb-300x213.jpg 300w, http:\/\/studiorocoeur.com\/wp-content\/uploads\/2021\/09\/poster-1-rvb-768x545.jpg 768w, http:\/\/studiorocoeur.com\/wp-content\/uploads\/2021\/09\/poster-1-rvb-1536x1090.jpg 1536w, http:\/\/studiorocoeur.com\/wp-content\/uploads\/2021\/09\/poster-1-rvb-2048x1454.jpg 2048w\" sizes=\"(max-width: 1024px) 100vw, 1024px\" \/><\/figure><\/div>\n\n\n\n<p>Ce petit royaume est dirig\u00e9 par le roi Tori. Ce roi au c\u0153ur pur a su mettre fin aux multiples guerres qui ravageaient ce territoire jadis b\u00e9ni des Dieux.  Il s&rsquo;agit d&rsquo;un monde habit\u00e9 par la magie et par toutes sortes de cr\u00e9atures surnaturelles. Ici les fleurs courent \u00e0 travers les champs, les animaux d\u00e9clament des po\u00e8mes, des dragons assurent le service a\u00e9ropostal, les f\u00e9es concoctent des potions pour les bobos du quotidien.<\/p>\n\n\n\n<div class=\"wp-block-image\"><figure class=\"aligncenter size-large is-resized\"><img loading=\"lazy\" src=\"http:\/\/studiorocoeur.com\/wp-content\/uploads\/2021\/05\/cc-copie-1024x256.jpg\" alt=\"\" class=\"wp-image-293\" width=\"946\" height=\"237\" srcset=\"http:\/\/studiorocoeur.com\/wp-content\/uploads\/2021\/05\/cc-copie-1024x256.jpg 1024w, http:\/\/studiorocoeur.com\/wp-content\/uploads\/2021\/05\/cc-copie-300x75.jpg 300w, http:\/\/studiorocoeur.com\/wp-content\/uploads\/2021\/05\/cc-copie-768x192.jpg 768w, http:\/\/studiorocoeur.com\/wp-content\/uploads\/2021\/05\/cc-copie-1536x384.jpg 1536w, http:\/\/studiorocoeur.com\/wp-content\/uploads\/2021\/05\/cc-copie-2048x512.jpg 2048w\" sizes=\"(max-width: 946px) 100vw, 946px\" \/><\/figure><\/div>\n\n\n\n<p>La collection des Contes de Couly accessible d\u00e8s 7 ans a pour but d&rsquo;offrir un album complet agr\u00e9ment\u00e9 de questions sur la compr\u00e9hension de l&rsquo;histoire ainsi que des activit\u00e9s assez vari\u00e9es mettant en jeux des comp\u00e9tences transversales chez les plus jeunes. Chaque album est accompagn\u00e9 d&rsquo;un document t\u00e9l\u00e9chargeable gratuitement sur le site qui permet une exploitation en classe ou \u00e0 la maison. On travaille tout autant sur la compr\u00e9hension directe du texte que sur l&rsquo;implicite sans oublier les \u00e9motions ressenties.<\/p>\n\n\n\n<div class=\"wp-block-image\"><figure class=\"aligncenter size-large\"><img loading=\"lazy\" width=\"1024\" height=\"460\" src=\"http:\/\/studiorocoeur.com\/wp-content\/uploads\/2021\/05\/banniere-rocoeur-1-1024x460.png\" alt=\"\" class=\"wp-image-116\" srcset=\"http:\/\/studiorocoeur.com\/wp-content\/uploads\/2021\/05\/banniere-rocoeur-1-1024x460.png 1024w, http:\/\/studiorocoeur.com\/wp-content\/uploads\/2021\/05\/banniere-rocoeur-1-300x135.png 300w, http:\/\/studiorocoeur.com\/wp-content\/uploads\/2021\/05\/banniere-rocoeur-1-768x345.png 768w, http:\/\/studiorocoeur.com\/wp-content\/uploads\/2021\/05\/banniere-rocoeur-1.png 1132w\" sizes=\"(max-width: 1024px) 100vw, 1024px\" \/><\/figure><\/div>\n\n\n\n<h2>La collection<\/h2>\n\n\n\n<p><a href=\"http:\/\/studiorocoeur.com\/index.php\/les-contes-de-couly-tony-dany\/\" data-type=\"URL\" data-id=\"http:\/\/studiorocoeur.com\/index.php\/les-contes-de-couly-tony-dany\/\">TONY &amp; DANY<\/a><\/p>\n\n\n\n<p><a href=\"http:\/\/studiorocoeur.com\/index.php\/les-contes-de-couly-walter-water\/\" data-type=\"URL\" data-id=\"http:\/\/studiorocoeur.com\/index.php\/les-contes-de-couly-walter-water\/\">WALTER WATER<\/a><\/p>\n\n\n\n<p><a href=\"http:\/\/studiorocoeur.com\/index.php\/les-contes-de-couly-janice-pink\/\" data-type=\"URL\" data-id=\"http:\/\/studiorocoeur.com\/index.php\/les-contes-de-couly-janice-pink\/\">JANICE PINK<\/a><\/p>\n\n\n\n<p><a href=\"http:\/\/studiorocoeur.com\/index.php\/coulyrama-01\/\" data-type=\"URL\" data-id=\"http:\/\/studiorocoeur.com\/index.php\/coulyrama-01\/\">COULYRAMA 01<\/a><\/p>\n","protected":false},"excerpt":{"rendered":"<p>Bienvenue dans le Royaume de Couly&nbsp;! Ce petit royaume est dirig\u00e9 par le roi Tori. Ce roi au c\u0153ur pur a su mettre fin aux multiples guerres qui ravageaient ce territoire jadis b\u00e9ni des Dieux. Il s&rsquo;agit d&rsquo;un monde habit\u00e9<\/p>\n","protected":false},"author":1,"featured_media":0,"parent":0,"menu_order":0,"comment_status":"closed","ping_status":"closed","template":"","meta":[],"_links":{"self":[{"href":"http:\/\/studiorocoeur.com\/index.php\/wp-json\/wp\/v2\/pages\/277"}],"collection":[{"href":"http:\/\/studiorocoeur.com\/index.php\/wp-json\/wp\/v2\/pages"}],"about":[{"href":"http:\/\/studiorocoeur.com\/index.php\/wp-json\/wp\/v2\/types\/page"}],"author":[{"embeddable":true,"href":"http:\/\/studiorocoeur.com\/index.php\/wp-json\/wp\/v2\/users\/1"}],"replies":[{"embeddable":true,"href":"http:\/\/studiorocoeur.com\/index.php\/wp-json\/wp\/v2\/comments?post=277"}],"version-history":[{"count":11,"href":"http:\/\/studiorocoeur.com\/index.php\/wp-json\/wp\/v2\/pages\/277\/revisions"}],"predecessor-version":[{"id":938,"href":"http:\/\/studiorocoeur.com\/index.php\/wp-json\/wp\/v2\/pages\/277\/revisions\/938"}],"wp:attachment":[{"href":"http:\/\/studiorocoeur.com\/index.php\/wp-json\/wp\/v2\/media?parent=277"}],"curies":[{"name":"wp","href":"https:\/\/api.w.org\/{rel}","templated":true}]}}