{"id":29,"date":"2021-05-19T11:01:39","date_gmt":"2021-05-19T09:01:39","guid":{"rendered":"http:\/\/studiorocoeur.com\/?page_id=29"},"modified":"2021-06-19T10:06:37","modified_gmt":"2021-06-19T08:06:37","slug":"a-propos-de","status":"publish","type":"page","link":"http:\/\/studiorocoeur.com\/index.php\/a-propos-de\/","title":{"rendered":""},"content":{"rendered":"\n<p>ROCOEUR est une micro maison d&rsquo;\u00e9dition, n\u00e9e de l&rsquo;envie d&rsquo;un auteur de lier sa passion du dessin avec son m\u00e9tier d&rsquo;enseignant.<\/p>\n\n\n\n<p>ROCOEUR a donc pour ambition de proposer l&rsquo;acc\u00e8s \u00e0 une litt\u00e9rature moderne et attractive, avec des contenus de qualit\u00e9 aussi bien au niveau des textes que des visuels. Chaque album, chaque livre est d&rsquo;abord pens\u00e9 pour le plaisir d&rsquo;une lecture libre sans contrainte autre que l&rsquo;envie de d\u00e9couvrir, de voyager dans un autre univers. On n&rsquo;oublie pas qu&rsquo;un livre c&rsquo;est avant tout une petite parenth\u00e8se, un petit moment pour soi, un petit bout de bonheur.<\/p>\n\n\n\n<p>ROCOEUR, c&rsquo;est aussi une histoire de famille&nbsp;: une collaboration \u00e9troite avec son \u00e9pouse psychologue qui apporte un regard suppl\u00e9mentaire ax\u00e9 sur tout ce que la litt\u00e9rature jeunesse vient convoquer dans le d\u00e9veloppement psychologique et affectif de chaque enfant. Sans oublier un petit public d&rsquo;initi\u00e9s compos\u00e9 de leurs deux petits apprentis lecteurs&nbsp;!<\/p>\n\n\n\n<figure class=\"wp-block-gallery aligncenter columns-2 is-cropped\"><ul class=\"blocks-gallery-grid\"><li class=\"blocks-gallery-item\"><figure><img loading=\"lazy\" width=\"1024\" height=\"768\" src=\"http:\/\/studiorocoeur.com\/wp-content\/uploads\/2021\/06\/IMG-20210609-WA0000-1024x768.jpg\" alt=\"\" data-id=\"315\" class=\"wp-image-315\" srcset=\"http:\/\/studiorocoeur.com\/wp-content\/uploads\/2021\/06\/IMG-20210609-WA0000-1024x768.jpg 1024w, http:\/\/studiorocoeur.com\/wp-content\/uploads\/2021\/06\/IMG-20210609-WA0000-300x225.jpg 300w, http:\/\/studiorocoeur.com\/wp-content\/uploads\/2021\/06\/IMG-20210609-WA0000-768x576.jpg 768w, http:\/\/studiorocoeur.com\/wp-content\/uploads\/2021\/06\/IMG-20210609-WA0000-1536x1152.jpg 1536w, http:\/\/studiorocoeur.com\/wp-content\/uploads\/2021\/06\/IMG-20210609-WA0000.jpg 1600w\" sizes=\"(max-width: 1024px) 100vw, 1024px\" \/><\/figure><\/li><li class=\"blocks-gallery-item\"><figure><img loading=\"lazy\" width=\"1024\" height=\"768\" src=\"http:\/\/studiorocoeur.com\/wp-content\/uploads\/2021\/06\/SAVE_20210619_093128-1024x768.jpg\" alt=\"\" data-id=\"318\" data-full-url=\"http:\/\/studiorocoeur.com\/wp-content\/uploads\/2021\/06\/SAVE_20210619_093128.jpg\" data-link=\"http:\/\/studiorocoeur.com\/index.php\/a-propos-de\/save_20210619_093128\/\" class=\"wp-image-318\" srcset=\"http:\/\/studiorocoeur.com\/wp-content\/uploads\/2021\/06\/SAVE_20210619_093128-1024x768.jpg 1024w, http:\/\/studiorocoeur.com\/wp-content\/uploads\/2021\/06\/SAVE_20210619_093128-300x225.jpg 300w, http:\/\/studiorocoeur.com\/wp-content\/uploads\/2021\/06\/SAVE_20210619_093128-768x576.jpg 768w, http:\/\/studiorocoeur.com\/wp-content\/uploads\/2021\/06\/SAVE_20210619_093128-1536x1152.jpg 1536w, http:\/\/studiorocoeur.com\/wp-content\/uploads\/2021\/06\/SAVE_20210619_093128.jpg 1687w\" sizes=\"(max-width: 1024px) 100vw, 1024px\" \/><\/figure><\/li><\/ul><\/figure>\n\n\n\n<p>L&rsquo;envie de ROCOEUR, c&rsquo;est aussi l&rsquo;ambition de donner aux enfants le go\u00fbt pour la lecture sans pour autant bouder les fondamentaux de la litt\u00e9rature jeunesse. En effet, la recherche scientifique sur le d\u00e9veloppement cognitif de l&rsquo;enfant atteste de l&rsquo;aspect structurant et fondamental d&rsquo;une impr\u00e9gnation pr\u00e9coce de cette litt\u00e9rature classique appartenant au patrimoine culturel.<\/p>\n\n\n\n<p>ROCOEUR c&rsquo;est aussi un partage&nbsp;! Aussi nous proposons de t\u00e9l\u00e9charger gratuitement diff\u00e9rents contenus&nbsp;: des fiches p\u00e9dagogiques pour l&rsquo;exploitation des albums, des coloriages, des illustrations \u00e0 imprimer et encadrer soi-m\u00eame \u2026<\/p>\n\n\n\n<p>On esp\u00e8re que vous aimerez l&rsquo;esprit #rocoeur et que vous partagerez sa d\u00e9couverte autour de vous&nbsp;!<\/p>\n\n\n\n<p>la team ROCOEUR<\/p>\n\n\n\n<p><\/p>\n","protected":false},"excerpt":{"rendered":"<p>ROCOEUR est une micro maison d&rsquo;\u00e9dition, n\u00e9e de l&rsquo;envie d&rsquo;un auteur de lier sa passion du dessin avec son m\u00e9tier d&rsquo;enseignant. ROCOEUR a donc pour ambition de proposer l&rsquo;acc\u00e8s \u00e0 une litt\u00e9rature moderne et attractive, avec des contenus de qualit\u00e9<\/p>\n","protected":false},"author":1,"featured_media":68,"parent":0,"menu_order":0,"comment_status":"closed","ping_status":"closed","template":"","meta":[],"_links":{"self":[{"href":"http:\/\/studiorocoeur.com\/index.php\/wp-json\/wp\/v2\/pages\/29"}],"collection":[{"href":"http:\/\/studiorocoeur.com\/index.php\/wp-json\/wp\/v2\/pages"}],"about":[{"href":"http:\/\/studiorocoeur.com\/index.php\/wp-json\/wp\/v2\/types\/page"}],"author":[{"embeddable":true,"href":"http:\/\/studiorocoeur.com\/index.php\/wp-json\/wp\/v2\/users\/1"}],"replies":[{"embeddable":true,"href":"http:\/\/studiorocoeur.com\/index.php\/wp-json\/wp\/v2\/comments?post=29"}],"version-history":[{"count":12,"href":"http:\/\/studiorocoeur.com\/index.php\/wp-json\/wp\/v2\/pages\/29\/revisions"}],"predecessor-version":[{"id":320,"href":"http:\/\/studiorocoeur.com\/index.php\/wp-json\/wp\/v2\/pages\/29\/revisions\/320"}],"wp:featuredmedia":[{"embeddable":true,"href":"http:\/\/studiorocoeur.com\/index.php\/wp-json\/wp\/v2\/media\/68"}],"wp:attachment":[{"href":"http:\/\/studiorocoeur.com\/index.php\/wp-json\/wp\/v2\/media?parent=29"}],"curies":[{"name":"wp","href":"https:\/\/api.w.org\/{rel}","templated":true}]}}