{"id":369,"date":"2021-09-15T12:38:29","date_gmt":"2021-09-15T10:38:29","guid":{"rendered":"http:\/\/studiorocoeur.com\/?page_id=369"},"modified":"2024-10-02T17:19:49","modified_gmt":"2024-10-02T15:19:49","slug":"pochette-surprise","status":"publish","type":"page","link":"http:\/\/studiorocoeur.com\/index.php\/pochette-surprise\/","title":{"rendered":"Pochette Surprise"},"content":{"rendered":"\n<p><em><strong>Dans cette rubrique venez d\u00e9couvrir nos pochettes surprises t\u00e9l\u00e9chargeables gratuitement ! A l&rsquo;int\u00e9rieur vous y trouverez des jeux \u00e0 construire, des coloriages, des contenus exclusifs ou encore bien d&rsquo;autres surprises.  Pour y avoir acc\u00e8s, rien de plus simple : t\u00e9l\u00e9charger le pdf et laissez-vous guider ! <\/strong><\/em><\/p>\n\n\n\n<p><strong>POCHETTE SURPRISE N\u00b01<\/strong><\/p>\n\n\n\n<p class=\"has-normal-font-size\"><strong>La premi\u00e8re pochette surprise<\/strong> contient un jeu de memory de 32 cartes (soit 16 paires) issu de l&rsquo;univers des contes de Couly publi\u00e9 par le Studio Rocoeur. Il s&rsquo;agit de personnages embl\u00e9matiques de la s\u00e9rie tels que Tony Frog, Dany Flow, Walter Water, Janice Pink et bien d&rsquo;autres&nbsp;! Aid\u00e9s d&rsquo;un tutoriel et d&rsquo;une r\u00e9alisation assez simple, vous pourrez imprimer vous-m\u00eame ce jeu qui fait travailler la m\u00e9moire, \u00e9l\u00e9ment essentiel du d\u00e9veloppement chez les plus jeunes. Les cartes sont \u00e0 imprimer recto\/verso et sont munies d&rsquo;une petite pochette pour les conserver et les transporter facilement.<\/p>\n\n\n\n<p>La pochette contient \u00e9galement une petite surprise&nbsp;!! (tu peux tailler tes plus beaux crayons de couleur&#8230;)<\/p>\n\n\n\n<div class=\"wp-block-file\"><a href=\"http:\/\/studiorocoeur.com\/wp-content\/uploads\/2021\/09\/pochette-surprise-01.pdf\">pochette-surprise-01<\/a><a href=\"http:\/\/studiorocoeur.com\/wp-content\/uploads\/2021\/09\/pochette-surprise-01.pdf\" class=\"wp-block-file__button\" download>T\u00e9l\u00e9charger<\/a><\/div>\n\n\n\n<figure class=\"wp-block-image size-large\"><img loading=\"lazy\" width=\"1024\" height=\"894\" src=\"http:\/\/studiorocoeur.com\/wp-content\/uploads\/2022\/05\/Sans-titre-1-1-1024x894.jpg\" alt=\"\" class=\"wp-image-775\" srcset=\"http:\/\/studiorocoeur.com\/wp-content\/uploads\/2022\/05\/Sans-titre-1-1-1024x894.jpg 1024w, http:\/\/studiorocoeur.com\/wp-content\/uploads\/2022\/05\/Sans-titre-1-1-300x262.jpg 300w, http:\/\/studiorocoeur.com\/wp-content\/uploads\/2022\/05\/Sans-titre-1-1-768x670.jpg 768w, http:\/\/studiorocoeur.com\/wp-content\/uploads\/2022\/05\/Sans-titre-1-1-1536x1341.jpg 1536w, http:\/\/studiorocoeur.com\/wp-content\/uploads\/2022\/05\/Sans-titre-1-1.jpg 1786w\" sizes=\"(max-width: 1024px) 100vw, 1024px\" \/><\/figure>\n\n\n\n<p class=\"has-text-align-center\">&#8212;&#8212;&#8212;&#8212;&#8212;&#8212;&#8212;&#8212;&#8212;&#8212;&#8212;&#8212;&#8212;&#8212;&#8212;&#8212;&#8212;&#8212;&#8212;&#8212;&#8212;&#8212;&#8212;&#8212;&#8212;&#8212;&#8212;&#8212;&#8212;&#8212;&#8212;&#8212;&#8212;&#8212;&#8212;&#8212;&#8212;&#8212;&#8212;&#8212;&#8212;&#8212;&#8212;&#8212;&#8212;&#8212;&#8212;&#8212;&#8212;&#8212;&#8212;&#8212;&#8212;&#8212;&#8212;&#8212;&#8212;&#8212;&#8212;&#8212;&#8212;&#8212;&#8212;&#8212;&#8212;&#8212;&#8212;&#8212;&#8212;&#8212;&#8212;&#8212;&#8212;<\/p>\n\n\n\n<p><strong>POCHETTE SURPRISE N\u00b02<\/strong><\/p>\n\n\n\n<p class=\"has-normal-font-size\"><strong>Pour cette deuxi\u00e8me pochette surprise<\/strong>, le Studio Rocoeur te propose de devenir co-auteur d&rsquo;un certain Jean de La Fontaine. En effet, il s&rsquo;agit de participer \u00e0 la r\u00e9alisation de la c\u00e9l\u00e8bre fable La Cigale et La Fourmi. Pour cela, tu disposes de deux planches de bandes dessin\u00e9es en noir et blanc ainsi que des textes originaux adapt\u00e9s associ\u00e9s aux pages dessin\u00e9es. Tu es bien sur libre de r\u00e9\u00e9crire toi-m\u00eame les textes en gardant l&rsquo;esprit original ou simplement te concentrer sur la mise en couleur, \u00e9l\u00e9ment essentiel d&rsquo;un travail en arts plastiques. Une version r\u00e9alis\u00e9e par le Studio Rocoeur a \u00e9t\u00e9 publi\u00e9e en couleur dans Coulyrama 01. Si tu veux y jeter un coup d\u2019\u0153il&nbsp;!<\/p>\n\n\n\n<p>La pochette contient \u00e9galement une petite surprise&nbsp;!! (tu peux pr\u00e9parer un cadre et r\u00e9server un emplacement sur le mur de ta chambre \u2026)<\/p>\n\n\n\n<div class=\"wp-block-file\"><a href=\"http:\/\/studiorocoeur.com\/wp-content\/uploads\/2022\/03\/pochette-surprise-02.pdf\">pochette-surprise-02<\/a><a href=\"http:\/\/studiorocoeur.com\/wp-content\/uploads\/2022\/03\/pochette-surprise-02.pdf\" class=\"wp-block-file__button\" download>T\u00e9l\u00e9charger<\/a><\/div>\n\n\n\n<figure class=\"wp-block-image size-large\"><img loading=\"lazy\" width=\"1024\" height=\"894\" src=\"http:\/\/studiorocoeur.com\/wp-content\/uploads\/2022\/05\/Sans-titre-2-1024x894.jpg\" alt=\"\" class=\"wp-image-777\" srcset=\"http:\/\/studiorocoeur.com\/wp-content\/uploads\/2022\/05\/Sans-titre-2-1024x894.jpg 1024w, http:\/\/studiorocoeur.com\/wp-content\/uploads\/2022\/05\/Sans-titre-2-300x262.jpg 300w, http:\/\/studiorocoeur.com\/wp-content\/uploads\/2022\/05\/Sans-titre-2-768x670.jpg 768w, http:\/\/studiorocoeur.com\/wp-content\/uploads\/2022\/05\/Sans-titre-2-1536x1341.jpg 1536w, http:\/\/studiorocoeur.com\/wp-content\/uploads\/2022\/05\/Sans-titre-2.jpg 1786w\" sizes=\"(max-width: 1024px) 100vw, 1024px\" \/><\/figure>\n\n\n\n<p class=\"has-text-align-center\">&#8212;&#8212;&#8212;&#8212;&#8212;&#8212;&#8212;&#8212;&#8212;&#8212;&#8212;&#8212;&#8212;&#8212;&#8212;&#8212;&#8212;&#8212;&#8212;&#8212;&#8212;&#8212;&#8212;&#8212;&#8212;&#8212;&#8212;&#8212;&#8212;&#8212;&#8212;&#8212;&#8212;&#8212;&#8212;&#8212;&#8212;&#8212;&#8212;&#8212;&#8212;&#8212;&#8212;&#8212;&#8212;&#8212;&#8212;&#8212;&#8212;&#8212;&#8212;&#8212;&#8212;&#8212;&#8212;&#8212;&#8212;&#8212;&#8212;&#8212;&#8212;&#8212;&#8212;&#8212;&#8212;&#8212;&#8212;&#8212;&#8212;&#8212;&#8212;&#8212;&#8212;<\/p>\n\n\n\n<p><strong>POCHETTE SURPRISE N\u00b03<\/strong><\/p>\n\n\n\n<p><strong>Place \u00e0 la course de Grand City avec cette troisi\u00e8me pochette surprise<\/strong>&nbsp;! Le studio Rocoeur a r\u00e9alis\u00e9 un superbe jeu de plateau enti\u00e8rement r\u00e9alisable soi-m\u00eame. Pour rappel, la course de Grand City est un des moments f\u00e9d\u00e9rateurs et sportifs du royaume de Couly. Voici donc l&rsquo;occasion de faire des courses endiabl\u00e9es pleine de rebondissements gr\u00e2ce aux nombreuses cases sp\u00e9ciales. Les parties peuvent \u00eatre courtes et donc s\u2019encha\u00eener sans perdre en enthousiasme.<\/p>\n\n\n\n<p>Le jeu se compose d&rsquo;un plateau comprenant 29 cases, 5 pions repr\u00e9sentant des personnages du royaume de Couly (Tony, Dany, Janice, Jimmy et Gina) et le r\u00e8glement de la course.<\/p>\n\n\n\n<div class=\"wp-block-file\"><a href=\"http:\/\/studiorocoeur.com\/wp-content\/uploads\/2022\/03\/pochette-surprise-03.pdf\">pochette-surprise-03<\/a><a href=\"http:\/\/studiorocoeur.com\/wp-content\/uploads\/2022\/03\/pochette-surprise-03.pdf\" class=\"wp-block-file__button\" download>T\u00e9l\u00e9charger<\/a><\/div>\n\n\n\n<figure class=\"wp-block-image size-large\"><img loading=\"lazy\" width=\"1024\" height=\"732\" src=\"http:\/\/studiorocoeur.com\/wp-content\/uploads\/2022\/05\/Sans-titre-3-1024x732.jpg\" alt=\"\" class=\"wp-image-778\" srcset=\"http:\/\/studiorocoeur.com\/wp-content\/uploads\/2022\/05\/Sans-titre-3-1024x732.jpg 1024w, http:\/\/studiorocoeur.com\/wp-content\/uploads\/2022\/05\/Sans-titre-3-300x214.jpg 300w, http:\/\/studiorocoeur.com\/wp-content\/uploads\/2022\/05\/Sans-titre-3-768x549.jpg 768w, http:\/\/studiorocoeur.com\/wp-content\/uploads\/2022\/05\/Sans-titre-3-1536x1097.jpg 1536w, http:\/\/studiorocoeur.com\/wp-content\/uploads\/2022\/05\/Sans-titre-3.jpg 1786w\" sizes=\"(max-width: 1024px) 100vw, 1024px\" \/><\/figure>\n","protected":false},"excerpt":{"rendered":"<p>Dans cette rubrique venez d\u00e9couvrir nos pochettes surprises t\u00e9l\u00e9chargeables gratuitement ! A l&rsquo;int\u00e9rieur vous y trouverez des jeux \u00e0 construire, des coloriages, des contenus exclusifs ou encore bien d&rsquo;autres surprises. Pour y avoir acc\u00e8s, rien de plus simple : t\u00e9l\u00e9charger<\/p>\n","protected":false},"author":1,"featured_media":0,"parent":0,"menu_order":0,"comment_status":"closed","ping_status":"closed","template":"","meta":[],"_links":{"self":[{"href":"http:\/\/studiorocoeur.com\/index.php\/wp-json\/wp\/v2\/pages\/369"}],"collection":[{"href":"http:\/\/studiorocoeur.com\/index.php\/wp-json\/wp\/v2\/pages"}],"about":[{"href":"http:\/\/studiorocoeur.com\/index.php\/wp-json\/wp\/v2\/types\/page"}],"author":[{"embeddable":true,"href":"http:\/\/studiorocoeur.com\/index.php\/wp-json\/wp\/v2\/users\/1"}],"replies":[{"embeddable":true,"href":"http:\/\/studiorocoeur.com\/index.php\/wp-json\/wp\/v2\/comments?post=369"}],"version-history":[{"count":13,"href":"http:\/\/studiorocoeur.com\/index.php\/wp-json\/wp\/v2\/pages\/369\/revisions"}],"predecessor-version":[{"id":1593,"href":"http:\/\/studiorocoeur.com\/index.php\/wp-json\/wp\/v2\/pages\/369\/revisions\/1593"}],"wp:attachment":[{"href":"http:\/\/studiorocoeur.com\/index.php\/wp-json\/wp\/v2\/media?parent=369"}],"curies":[{"name":"wp","href":"https:\/\/api.w.org\/{rel}","templated":true}]}}