{"id":925,"date":"2022-06-26T09:37:41","date_gmt":"2022-06-26T07:37:41","guid":{"rendered":"http:\/\/studiorocoeur.com\/?page_id=925"},"modified":"2022-06-27T08:28:12","modified_gmt":"2022-06-27T06:28:12","slug":"cartes-a-contes","status":"publish","type":"page","link":"http:\/\/studiorocoeur.com\/index.php\/cartes-a-contes\/","title":{"rendered":"Cartes \u00e0 contes"},"content":{"rendered":"\n<p>Studio Rocoeur vous propose un nouvel outil permettant aux plus jeunes de travailler leur imagination et la narration. Il s&rsquo;agit de cr\u00e9er de mani\u00e8re simple et ludique des petites histoires. Pr\u00e9sent\u00e9 sous forme de cartes, ce jeu est un coup de pouce pour se lancer dans l&rsquo;\u00e9criture d&rsquo;un conte. Les cartes r\u00e9parties en 3 paquets (personnage, lieu et objet) sont \u00e0 piocher au hasard. Deux cartes \u00ab\u00a0personnage\u00a0\u00bb, une carte \u00ab\u00a0lieu\u00a0\u00bb, une carte \u00ab\u00a0objet\u00a0\u00bb et c&rsquo;est parti\u00a0! On d\u00e9crit ses 4 cartes, on r\u00e9fl\u00e9chit \u00e0 un \u00e9l\u00e9ment d\u00e9clencheur, une fin possible &#8230;On peut aussi commencer par \u00ab\u00a0Il \u00e9tait une fois &#8230;\u00a0\u00bb.<\/p>\n\n\n\n<p>Utilis\u00e9es au sein de classes primaires, ces cartes \u00e0 contes ont \u00e9t\u00e9 test\u00e9es par des enseignants. T\u00e9l\u00e9chargez gratuitement le fichier en PDF, suivez le tutoriel et c&rsquo;est \u00e0 vous de jouer&nbsp;!<\/p>\n\n\n\n<p>Ce jeu se compose de 12 cartes \u00ab\u00a0personnage\u00a0\u00bb, 6 cartes \u00ab\u00a0lieu\u00a0\u00bb, 9 cartes \u00ab\u00a0objet\u00a0\u00bb et d&rsquo;une pochette.<\/p>\n\n\n\n<p>Pour t\u00e9l\u00e9charger le fichier, c&rsquo;est ici :<\/p>\n\n\n\n<div class=\"wp-block-file aligncenter\"><a href=\"http:\/\/studiorocoeur.com\/wp-content\/uploads\/2022\/06\/cartaconte.pdf\">cartaconte<\/a><a href=\"http:\/\/studiorocoeur.com\/wp-content\/uploads\/2022\/06\/cartaconte.pdf\" class=\"wp-block-file__button\" download>T\u00e9l\u00e9charger<\/a><\/div>\n\n\n\n<figure class=\"wp-block-image size-large\"><img loading=\"lazy\" width=\"1024\" height=\"309\" src=\"http:\/\/studiorocoeur.com\/wp-content\/uploads\/2022\/06\/tuto-1-1024x309.jpg\" alt=\"\" class=\"wp-image-928\" srcset=\"http:\/\/studiorocoeur.com\/wp-content\/uploads\/2022\/06\/tuto-1-1024x309.jpg 1024w, http:\/\/studiorocoeur.com\/wp-content\/uploads\/2022\/06\/tuto-1-300x90.jpg 300w, http:\/\/studiorocoeur.com\/wp-content\/uploads\/2022\/06\/tuto-1-768x232.jpg 768w, http:\/\/studiorocoeur.com\/wp-content\/uploads\/2022\/06\/tuto-1-1536x463.jpg 1536w, http:\/\/studiorocoeur.com\/wp-content\/uploads\/2022\/06\/tuto-1-2048x618.jpg 2048w\" sizes=\"(max-width: 1024px) 100vw, 1024px\" \/><\/figure>\n\n\n\n<p><\/p>\n","protected":false},"excerpt":{"rendered":"<p>Studio Rocoeur vous propose un nouvel outil permettant aux plus jeunes de travailler leur imagination et la narration. Il s&rsquo;agit de cr\u00e9er de mani\u00e8re simple et ludique des petites histoires. Pr\u00e9sent\u00e9 sous forme de cartes, ce jeu est un coup<\/p>\n","protected":false},"author":1,"featured_media":0,"parent":0,"menu_order":0,"comment_status":"closed","ping_status":"closed","template":"","meta":[],"_links":{"self":[{"href":"http:\/\/studiorocoeur.com\/index.php\/wp-json\/wp\/v2\/pages\/925"}],"collection":[{"href":"http:\/\/studiorocoeur.com\/index.php\/wp-json\/wp\/v2\/pages"}],"about":[{"href":"http:\/\/studiorocoeur.com\/index.php\/wp-json\/wp\/v2\/types\/page"}],"author":[{"embeddable":true,"href":"http:\/\/studiorocoeur.com\/index.php\/wp-json\/wp\/v2\/users\/1"}],"replies":[{"embeddable":true,"href":"http:\/\/studiorocoeur.com\/index.php\/wp-json\/wp\/v2\/comments?post=925"}],"version-history":[{"count":3,"href":"http:\/\/studiorocoeur.com\/index.php\/wp-json\/wp\/v2\/pages\/925\/revisions"}],"predecessor-version":[{"id":950,"href":"http:\/\/studiorocoeur.com\/index.php\/wp-json\/wp\/v2\/pages\/925\/revisions\/950"}],"wp:attachment":[{"href":"http:\/\/studiorocoeur.com\/index.php\/wp-json\/wp\/v2\/media?parent=925"}],"curies":[{"name":"wp","href":"https:\/\/api.w.org\/{rel}","templated":true}]}}